{"id":572,"date":"2024-07-12T15:35:38","date_gmt":"2024-07-12T19:35:38","guid":{"rendered":"https:\/\/occa.ufms.br\/?page_id=572"},"modified":"2024-07-19T09:37:30","modified_gmt":"2024-07-19T13:37:30","slug":"padocca","status":"publish","type":"page","link":"https:\/\/occa.ufms.br\/en\/padocca\/","title":{"rendered":"PadOCCA"},"content":{"rendered":"<p><iframe title=\"Obesidade: aspectos psicossociais e comportamentais by Rede ECO-AB\" width=\"500\" height=\"400\" scrolling=\"no\" frameborder=\"no\" src=\"https:\/\/w.soundcloud.com\/player\/?visual=true&#038;url=https%3A%2F%2Fapi.soundcloud.com%2Ftracks%2F932172091&#038;show_artwork=true&#038;maxheight=750&#038;maxwidth=500&#038;secret_token=s-KGNEiL1Rjyk\"><\/iframe><\/p>\n<p>&nbsp;<\/p>\n<p><iframe title=\"Marcadores de Consumo Alimentar by Rede ECO-AB\" width=\"500\" height=\"400\" scrolling=\"no\" frameborder=\"no\" src=\"https:\/\/w.soundcloud.com\/player\/?visual=true&#038;url=https%3A%2F%2Fapi.soundcloud.com%2Ftracks%2F931739566&#038;show_artwork=true&#038;maxheight=750&#038;maxwidth=500&#038;secret_token=s-ljdfEXEQHIa\"><\/iframe><\/p>\n<p>&nbsp;<\/p>\n<p><iframe title=\"Iniciativas essenciais para o enfrentamento do excesso de peso: a agenda da PNAN by Rede ECO-AB\" width=\"500\" height=\"400\" scrolling=\"no\" frameborder=\"no\" src=\"https:\/\/w.soundcloud.com\/player\/?visual=true&#038;url=https%3A%2F%2Fapi.soundcloud.com%2Ftracks%2F824403334&#038;show_artwork=true&#038;maxheight=750&#038;maxwidth=500&#038;secret_token=s-zvgENMKeo50\"><\/iframe><\/p>\n<p>&nbsp;<\/p>\n<p><iframe title=\"Doen\u00e7as Cardiovasculares (DCV) by Rede ECO-AB\" width=\"500\" height=\"400\" scrolling=\"no\" frameborder=\"no\" src=\"https:\/\/w.soundcloud.com\/player\/?visual=true&#038;url=https%3A%2F%2Fapi.soundcloud.com%2Ftracks%2F931751665&#038;show_artwork=true&#038;maxheight=750&#038;maxwidth=500&#038;secret_token=s-5wrzydExYBd\"><\/iframe><\/p>\n<p>&nbsp;<\/p>\n<p><iframe title=\"Tratamento Cir\u00fargico na Aten\u00e7\u00e3o Especializada \u00e0 Sa\u00fade na Linha de Cuidado do Sobrepeso e Obesidade by Rede ECO-AB\" width=\"500\" height=\"400\" scrolling=\"no\" frameborder=\"no\" src=\"https:\/\/w.soundcloud.com\/player\/?visual=true&#038;url=https%3A%2F%2Fapi.soundcloud.com%2Ftracks%2F824239636&#038;show_artwork=true&#038;maxheight=750&#038;maxwidth=500&#038;secret_token=s-p2TvJwDWYw0\"><\/iframe><\/p>\n<p>&nbsp;<\/p>\n<p><iframe title=\"Rede de Aten\u00e7\u00e3o \u00e0 Sa\u00fade das Pessoas com Doen\u00e7as Cr\u00f4nicas by Rede ECO-AB\" width=\"500\" height=\"400\" scrolling=\"no\" frameborder=\"no\" src=\"https:\/\/w.soundcloud.com\/player\/?visual=true&#038;url=https%3A%2F%2Fapi.soundcloud.com%2Ftracks%2F931723801&#038;show_artwork=true&#038;maxheight=750&#038;maxwidth=500&#038;secret_token=s-gih3ijouurb\"><\/iframe><\/p>\n<p>&nbsp;<\/p>\n<p><iframe title=\"Culpa e prazer na escolha alimentar by Rede ECO-AB\" width=\"500\" height=\"400\" scrolling=\"no\" frameborder=\"no\" src=\"https:\/\/w.soundcloud.com\/player\/?visual=true&#038;url=https%3A%2F%2Fapi.soundcloud.com%2Ftracks%2F932230708&#038;show_artwork=true&#038;maxheight=750&#038;maxwidth=500&#038;secret_token=s-ffwJxODDMEY\"><\/iframe><\/p>\n<p>&nbsp;<\/p>\n<p><iframe title=\"O papel da m\u00eddia e da ind\u00fastria de alimentos nas mudan\u00e7as de h\u00e1bitos alimentares no Brasil by Rede ECO-AB\" width=\"500\" height=\"400\" scrolling=\"no\" frameborder=\"no\" src=\"https:\/\/w.soundcloud.com\/player\/?visual=true&#038;url=https%3A%2F%2Fapi.soundcloud.com%2Ftracks%2F931739581&#038;show_artwork=true&#038;maxheight=750&#038;maxwidth=500&#038;secret_token=s-04Mk34JsWBv\"><\/iframe><\/p>\n<p>&nbsp;<\/p>\n<p><iframe title=\"Nutricionista vs. corretor imobili\u00e1rio by Rede ECO-AB\" width=\"500\" height=\"400\" scrolling=\"no\" frameborder=\"no\" src=\"https:\/\/w.soundcloud.com\/player\/?visual=true&#038;url=https%3A%2F%2Fapi.soundcloud.com%2Ftracks%2F932230900&#038;show_artwork=true&#038;maxheight=750&#038;maxwidth=500&#038;secret_token=s-xqBkXzUQnJe\"><\/iframe><\/p>\n<p>&nbsp;<\/p>\n<p><iframe title=\"Informe Situacional sobre os Programas de Alimenta\u00e7\u00e3o e Nutri\u00e7\u00e3o e de Promo\u00e7\u00e3o da Sa\u00fade by Rede ECO-AB\" width=\"500\" height=\"400\" scrolling=\"no\" frameborder=\"no\" src=\"https:\/\/w.soundcloud.com\/player\/?visual=true&#038;url=https%3A%2F%2Fapi.soundcloud.com%2Ftracks%2F824404399&#038;show_artwork=true&#038;maxheight=750&#038;maxwidth=500&#038;secret_token=s-Qb97i8CVEfV\"><\/iframe><\/p>\n<p>&nbsp;<\/p>\n<p><iframe title=\"Dificuldade para implanta\u00e7\u00e3o de Pr\u00e1ticas Integrativas e Complementares by Rede ECO-AB\" width=\"500\" height=\"400\" scrolling=\"no\" frameborder=\"no\" src=\"https:\/\/w.soundcloud.com\/player\/?visual=true&#038;url=https%3A%2F%2Fapi.soundcloud.com%2Ftracks%2F932179060&#038;show_artwork=true&#038;maxheight=750&#038;maxwidth=500&#038;secret_token=s-KxmtHJK0vbz\"><\/iframe><\/p>\n<p>&nbsp;<\/p>\n<p><iframe title=\"Cuidado nutricional &quot;banc\u00e1rio&quot;? Fuja dessa! by Rede ECO-AB\" width=\"500\" height=\"400\" scrolling=\"no\" frameborder=\"no\" src=\"https:\/\/w.soundcloud.com\/player\/?visual=true&#038;url=https%3A%2F%2Fapi.soundcloud.com%2Ftracks%2F932231053&#038;show_artwork=true&#038;maxheight=750&#038;maxwidth=500&#038;secret_token=s-z0VadBnClFK\"><\/iframe><\/p>\n<p>&nbsp;<\/p>\n<p><iframe title=\"O SIS Para a Aten\u00e7\u00e3o Prim\u00e1ria em Sa\u00fade (Sisaps) by Rede ECO-AB\" width=\"500\" height=\"400\" scrolling=\"no\" frameborder=\"no\" src=\"https:\/\/w.soundcloud.com\/player\/?visual=true&#038;url=https%3A%2F%2Fapi.soundcloud.com%2Ftracks%2F824389045&#038;show_artwork=true&#038;maxheight=750&#038;maxwidth=500&#038;secret_token=s-TFb0g19VTrR\"><\/iframe><\/p>\n<p>&nbsp;<\/p>\n<p>&nbsp;<\/p>\n","protected":false},"excerpt":{"rendered":"<p>&nbsp; &nbsp; &nbsp; &nbsp; &nbsp; &nbsp; &nbsp; &nbsp; &nbsp; &nbsp; &nbsp; &nbsp; &nbsp; &nbsp;<\/p>\n","protected":false},"author":27899,"featured_media":0,"parent":0,"menu_order":0,"comment_status":"closed","ping_status":"closed","template":"","meta":{"footnotes":""},"coauthors":[],"class_list":["post-572","page","type-page","status-publish","hentry"],"_links":{"self":[{"href":"https:\/\/occa.ufms.br\/en\/wp-json\/wp\/v2\/pages\/572","targetHints":{"allow":["GET"]}}],"collection":[{"href":"https:\/\/occa.ufms.br\/en\/wp-json\/wp\/v2\/pages"}],"about":[{"href":"https:\/\/occa.ufms.br\/en\/wp-json\/wp\/v2\/types\/page"}],"author":[{"embeddable":true,"href":"https:\/\/occa.ufms.br\/en\/wp-json\/wp\/v2\/users\/27899"}],"replies":[{"embeddable":true,"href":"https:\/\/occa.ufms.br\/en\/wp-json\/wp\/v2\/comments?post=572"}],"version-history":[{"count":5,"href":"https:\/\/occa.ufms.br\/en\/wp-json\/wp\/v2\/pages\/572\/revisions"}],"predecessor-version":[{"id":592,"href":"https:\/\/occa.ufms.br\/en\/wp-json\/wp\/v2\/pages\/572\/revisions\/592"}],"wp:attachment":[{"href":"https:\/\/occa.ufms.br\/en\/wp-json\/wp\/v2\/media?parent=572"}],"wp:term":[{"taxonomy":"author","embeddable":true,"href":"https:\/\/occa.ufms.br\/en\/wp-json\/wp\/v2\/coauthors?post=572"}],"curies":[{"name":"wp","href":"https:\/\/api.w.org\/{rel}","templated":true}]}}