{"id":35,"date":"2019-10-24T14:51:37","date_gmt":"2019-10-24T18:51:37","guid":{"rendered":"https:\/\/redeecoabms.ufms.br\/?page_id=35"},"modified":"2024-07-12T15:20:12","modified_gmt":"2024-07-12T19:20:12","slug":"videos","status":"publish","type":"page","link":"https:\/\/occa.ufms.br\/en\/videos\/","title":{"rendered":"V\u00eddeos"},"content":{"rendered":"<p><iframe title=\"Guia Alimentar para a Popula\u00e7\u00e3o Brasileira\" width=\"500\" height=\"281\" src=\"https:\/\/www.youtube.com\/embed\/videoseries?list=PLaS1ddLFkyk-ObbBv4eWkHIhc5B49a9Sw\" frameborder=\"0\" allow=\"accelerometer; autoplay; clipboard-write; encrypted-media; gyroscope; picture-in-picture; web-share\" referrerpolicy=\"strict-origin-when-cross-origin\" allowfullscreen><\/iframe><\/p>\n<p><iframe title=\"Guia Alimentar para popula\u00e7\u00e3o brasileira vers\u00e3o reduzida\" width=\"500\" height=\"281\" src=\"https:\/\/www.youtube.com\/embed\/videoseries?list=PLaS1ddLFkyk9iEfrnnHR3PMmf16qAUa41\" frameborder=\"0\" allow=\"accelerometer; autoplay; clipboard-write; encrypted-media; gyroscope; picture-in-picture; web-share\" referrerpolicy=\"strict-origin-when-cross-origin\" allowfullscreen><\/iframe><\/p>\n<p>&nbsp;<\/p>\n<p><iframe title=\"V\u00eddeo 1 COMENTADO | Atendimento Nutricional Individual, da s\u00e9rie O Guia Alimentar na Aten\u00e7\u00e3o B\u00e1sica\" width=\"500\" height=\"281\" src=\"https:\/\/www.youtube.com\/embed\/PNjxtmGgXhY?feature=oembed\" frameborder=\"0\" allow=\"accelerometer; autoplay; clipboard-write; encrypted-media; gyroscope; picture-in-picture; web-share\" referrerpolicy=\"strict-origin-when-cross-origin\" allowfullscreen><\/iframe><\/p>\n<p>&nbsp;<\/p>\n<p><iframe title=\"V\u00eddeo 2 COMENTADO | Atendimento Compartilhado, da s\u00e9rie O Guia Alimentar na Aten\u00e7\u00e3o B\u00e1sica\" width=\"500\" height=\"281\" src=\"https:\/\/www.youtube.com\/embed\/K7Z5JrCn1v4?feature=oembed\" frameborder=\"0\" allow=\"accelerometer; autoplay; clipboard-write; encrypted-media; gyroscope; picture-in-picture; web-share\" referrerpolicy=\"strict-origin-when-cross-origin\" allowfullscreen><\/iframe><\/p>\n<p>&nbsp;<\/p>\n<p><iframe title=\"V\u00eddeo 3 | Visita Domiciliar, da s\u00e9rie O Guia Alimentar na Aten\u00e7\u00e3o B\u00e1sica\" width=\"500\" height=\"281\" src=\"https:\/\/www.youtube.com\/embed\/UoKOhEesrGE?feature=oembed\" frameborder=\"0\" allow=\"accelerometer; autoplay; clipboard-write; encrypted-media; gyroscope; picture-in-picture; web-share\" referrerpolicy=\"strict-origin-when-cross-origin\" allowfullscreen><\/iframe><\/p>\n<p>&nbsp;<\/p>\n<p><iframe title=\"V\u00eddeo 4 | Grupo de Educa\u00e7\u00e3o Alimentar e Nutricional, da s\u00e9rie O Guia Alimentar na Aten\u00e7\u00e3o B\u00e1sica\" width=\"500\" height=\"281\" src=\"https:\/\/www.youtube.com\/embed\/bW0mKLBnav8?feature=oembed\" frameborder=\"0\" allow=\"accelerometer; autoplay; clipboard-write; encrypted-media; gyroscope; picture-in-picture; web-share\" referrerpolicy=\"strict-origin-when-cross-origin\" allowfullscreen><\/iframe><\/p>\n<p>&nbsp;<\/p>\n<p><iframe title=\"Live: Causas e Diagn\u00f3stico da Obesidade na vis\u00e3o da APS\" width=\"500\" height=\"281\" src=\"https:\/\/www.youtube.com\/embed\/VYSFqwfJK8Y?feature=oembed\" frameborder=\"0\" allow=\"accelerometer; autoplay; clipboard-write; encrypted-media; gyroscope; picture-in-picture; web-share\" referrerpolicy=\"strict-origin-when-cross-origin\" allowfullscreen><\/iframe><\/p>\n<p>&nbsp;<\/p>\n<p><iframe title=\"Live [Organiza\u00e7\u00e3o da Aten\u00e7\u00e3o Nutricional em rela\u00e7\u00e3o a obesidade no SUS]\" width=\"500\" height=\"281\" src=\"https:\/\/www.youtube.com\/embed\/eVkGb9RiQRQ?feature=oembed\" frameborder=\"0\" allow=\"accelerometer; autoplay; clipboard-write; encrypted-media; gyroscope; picture-in-picture; web-share\" referrerpolicy=\"strict-origin-when-cross-origin\" allowfullscreen><\/iframe><\/p>\n<p>&nbsp;<\/p>\n<p><iframe title=\"Tabula\u00e7\u00e3o de dados atrav\u00e9s do DATASUS\" width=\"500\" height=\"281\" src=\"https:\/\/www.youtube.com\/embed\/vinb2FYKNXc?feature=oembed\" frameborder=\"0\" allow=\"accelerometer; autoplay; clipboard-write; encrypted-media; gyroscope; picture-in-picture; web-share\" referrerpolicy=\"strict-origin-when-cross-origin\" allowfullscreen><\/iframe><\/p>\n<p>&nbsp;<\/p>\n<p><iframe title=\"Linha de Cuidado do Sobrepeso e Obesidade (LCSO)\" width=\"500\" height=\"281\" src=\"https:\/\/www.youtube.com\/embed\/3UUiEQMazm4?feature=oembed\" frameborder=\"0\" allow=\"accelerometer; autoplay; clipboard-write; encrypted-media; gyroscope; picture-in-picture; web-share\" referrerpolicy=\"strict-origin-when-cross-origin\" allowfullscreen><\/iframe><\/p>\n<p>&nbsp;<\/p>\n<p><iframe title=\"Como utilizar o SISVAN\" width=\"500\" height=\"281\" src=\"https:\/\/www.youtube.com\/embed\/sY6-cbZQ0Tc?feature=oembed\" frameborder=\"0\" allow=\"accelerometer; autoplay; clipboard-write; encrypted-media; gyroscope; picture-in-picture; web-share\" referrerpolicy=\"strict-origin-when-cross-origin\" allowfullscreen><\/iframe><\/p>\n<p>&nbsp;<\/p>\n<p><iframe title=\"Super Aula: Sistemas alimentares atuais e influ\u00eancia do ambiente obesog\u00eanico\" width=\"500\" height=\"281\" src=\"https:\/\/www.youtube.com\/embed\/B4YVXxObbTk?feature=oembed\" frameborder=\"0\" allow=\"accelerometer; autoplay; clipboard-write; encrypted-media; gyroscope; picture-in-picture; web-share\" referrerpolicy=\"strict-origin-when-cross-origin\" allowfullscreen><\/iframe><\/p>\n<p>&nbsp;<\/p>\n<p><iframe title=\"Obesidade: causa ou consequ\u00eancia?\" width=\"500\" height=\"281\" src=\"https:\/\/www.youtube.com\/embed\/RE0fr6TFwzY?feature=oembed\" frameborder=\"0\" allow=\"accelerometer; autoplay; clipboard-write; encrypted-media; gyroscope; picture-in-picture; web-share\" referrerpolicy=\"strict-origin-when-cross-origin\" allowfullscreen><\/iframe><\/p>\n<p>&nbsp;<\/p>\n<p><iframe title=\"Pol\u00edticas P\u00fablicas para Demandas Coletivas\" width=\"500\" height=\"281\" src=\"https:\/\/www.youtube.com\/embed\/TIro-1TizRo?feature=oembed\" frameborder=\"0\" allow=\"accelerometer; autoplay; clipboard-write; encrypted-media; gyroscope; picture-in-picture; web-share\" referrerpolicy=\"strict-origin-when-cross-origin\" allowfullscreen><\/iframe><\/p>\n<p>&nbsp;<\/p>\n<p><iframe title=\"Pol\u00edtica Nacional de Alimenta\u00e7\u00e3o e Nutri\u00e7\u00e3o: o que \u00e9?\" width=\"500\" height=\"281\" src=\"https:\/\/www.youtube.com\/embed\/iIaOdoj33BQ?feature=oembed\" frameborder=\"0\" allow=\"accelerometer; autoplay; clipboard-write; encrypted-media; gyroscope; picture-in-picture; web-share\" referrerpolicy=\"strict-origin-when-cross-origin\" allowfullscreen><\/iframe><\/p>\n<p>&nbsp;<\/p>\n<p><iframe title=\"Nota T\u00e9cnica do Departamento de Sa\u00fade da Fam\u00edlia (DESF)\" width=\"500\" height=\"281\" src=\"https:\/\/www.youtube.com\/embed\/MPZVjsNUcJg?feature=oembed\" frameborder=\"0\" allow=\"accelerometer; autoplay; clipboard-write; encrypted-media; gyroscope; picture-in-picture; web-share\" referrerpolicy=\"strict-origin-when-cross-origin\" allowfullscreen><\/iframe><\/p>\n<p>&nbsp;<\/p>\n<p><iframe title=\"Lei Org\u00e2nica de Seguran\u00e7a Alimentar e Nutricional \u2013 LOSAN\" width=\"500\" height=\"281\" src=\"https:\/\/www.youtube.com\/embed\/7J8vkuDI0s0?feature=oembed\" frameborder=\"0\" allow=\"accelerometer; autoplay; clipboard-write; encrypted-media; gyroscope; picture-in-picture; web-share\" referrerpolicy=\"strict-origin-when-cross-origin\" allowfullscreen><\/iframe><\/p>\n<p>&nbsp;<\/p>\n<p><iframe title=\"Projetos de Lei municipais de Alimenta\u00e7\u00e3o e Nutri\u00e7\u00e3o\" width=\"500\" height=\"281\" src=\"https:\/\/www.youtube.com\/embed\/NT8ZysajPB8?feature=oembed\" frameborder=\"0\" allow=\"accelerometer; autoplay; clipboard-write; encrypted-media; gyroscope; picture-in-picture; web-share\" referrerpolicy=\"strict-origin-when-cross-origin\" allowfullscreen><\/iframe><\/p>\n<p>&nbsp;<\/p>\n<p><iframe title=\"Atendimento nutricional da pessoa gr\u00e1vida\" width=\"500\" height=\"281\" src=\"https:\/\/www.youtube.com\/embed\/H6csbDXOGj8?feature=oembed\" frameborder=\"0\" allow=\"accelerometer; autoplay; clipboard-write; encrypted-media; gyroscope; picture-in-picture; web-share\" referrerpolicy=\"strict-origin-when-cross-origin\" allowfullscreen><\/iframe><\/p>\n<p>&nbsp;<\/p>\n<p><iframe title=\"Preval\u00eancias mundiais de sobrepeso e obesidade\" width=\"500\" height=\"281\" src=\"https:\/\/www.youtube.com\/embed\/qmPp0HfGSao?feature=oembed\" frameborder=\"0\" allow=\"accelerometer; autoplay; clipboard-write; encrypted-media; gyroscope; picture-in-picture; web-share\" referrerpolicy=\"strict-origin-when-cross-origin\" allowfullscreen><\/iframe><\/p>\n<p>&nbsp;<\/p>\n<p><iframe title=\"Pol\u00edtica Nacional de Pr\u00e1tica Integrativas e Complementares\" width=\"500\" height=\"281\" src=\"https:\/\/www.youtube.com\/embed\/HsFLvGfQvg8?feature=oembed\" frameborder=\"0\" allow=\"accelerometer; autoplay; clipboard-write; encrypted-media; gyroscope; picture-in-picture; web-share\" referrerpolicy=\"strict-origin-when-cross-origin\" allowfullscreen><\/iframe><\/p>\n<p>&nbsp;<\/p>\n<p><iframe title=\"Organiza\u00e7\u00e3o da Aten\u00e7\u00e3o B\u00e1sica\" width=\"500\" height=\"281\" src=\"https:\/\/www.youtube.com\/embed\/eFLbmH00EPk?feature=oembed\" frameborder=\"0\" allow=\"accelerometer; autoplay; clipboard-write; encrypted-media; gyroscope; picture-in-picture; web-share\" referrerpolicy=\"strict-origin-when-cross-origin\" allowfullscreen><\/iframe><\/p>\n<p>&nbsp;<\/p>\n<p><iframe title=\"Territorializa\u00e7\u00e3o: voc\u00ea sabe o que \u00e9?\" width=\"500\" height=\"281\" src=\"https:\/\/www.youtube.com\/embed\/TCEiuCWGCWs?feature=oembed\" frameborder=\"0\" allow=\"accelerometer; autoplay; clipboard-write; encrypted-media; gyroscope; picture-in-picture; web-share\" referrerpolicy=\"strict-origin-when-cross-origin\" allowfullscreen><\/iframe><\/p>\n<p>&nbsp;<\/p>\n<p><iframe title=\"Est\u00e1gios para Mudan\u00e7a de Comportamento\" width=\"500\" height=\"281\" src=\"https:\/\/www.youtube.com\/embed\/N2RibYhLf6k?feature=oembed\" frameborder=\"0\" allow=\"accelerometer; autoplay; clipboard-write; encrypted-media; gyroscope; picture-in-picture; web-share\" referrerpolicy=\"strict-origin-when-cross-origin\" allowfullscreen><\/iframe><\/p>\n<p>&nbsp;<\/p>\n<p><iframe title=\"Comportamento Alimentar e Transtornos Alimentares\" width=\"500\" height=\"281\" src=\"https:\/\/www.youtube.com\/embed\/lhqgs5GCbAY?feature=oembed\" frameborder=\"0\" allow=\"accelerometer; autoplay; clipboard-write; encrypted-media; gyroscope; picture-in-picture; web-share\" referrerpolicy=\"strict-origin-when-cross-origin\" allowfullscreen><\/iframe><\/p>\n<p>&nbsp;<\/p>\n<p><iframe title=\"R\u00f3tulos nutricionais: voc\u00ea sabe como interpret\u00e1-los?\" width=\"500\" height=\"281\" src=\"https:\/\/www.youtube.com\/embed\/XQPUpFlm3y8?feature=oembed\" frameborder=\"0\" allow=\"accelerometer; autoplay; clipboard-write; encrypted-media; gyroscope; picture-in-picture; web-share\" referrerpolicy=\"strict-origin-when-cross-origin\" allowfullscreen><\/iframe><\/p>\n<p>&nbsp;<\/p>\n<p><iframe title=\"Educa\u00e7\u00e3o Alimentar e Nutricional\" width=\"500\" height=\"281\" src=\"https:\/\/www.youtube.com\/embed\/_K_6xBIFmHY?feature=oembed\" frameborder=\"0\" allow=\"accelerometer; autoplay; clipboard-write; encrypted-media; gyroscope; picture-in-picture; web-share\" referrerpolicy=\"strict-origin-when-cross-origin\" allowfullscreen><\/iframe><\/p>\n<p>&nbsp;<\/p>\n<p><iframe title=\"M\u00eddias sociais e a\u00e7\u00f5es de advocacy\" width=\"500\" height=\"281\" src=\"https:\/\/www.youtube.com\/embed\/MNjJSPZoGkc?feature=oembed\" frameborder=\"0\" allow=\"accelerometer; autoplay; clipboard-write; encrypted-media; gyroscope; picture-in-picture; web-share\" referrerpolicy=\"strict-origin-when-cross-origin\" allowfullscreen><\/iframe><\/p>\n<p>&nbsp;<\/p>\n<p><iframe title=\"Dietas da Moda: quais s\u00e3o os riscos?\" width=\"500\" height=\"281\" src=\"https:\/\/www.youtube.com\/embed\/vAvXehevX-A?feature=oembed\" frameborder=\"0\" allow=\"accelerometer; autoplay; clipboard-write; encrypted-media; gyroscope; picture-in-picture; web-share\" referrerpolicy=\"strict-origin-when-cross-origin\" allowfullscreen><\/iframe><\/p>\n<p>&nbsp;<\/p>\n<p>&nbsp;<\/p>\n<p>&nbsp;<\/p>\n<p>&nbsp;<\/p>\n<p>&nbsp;<\/p>\n","protected":false},"excerpt":{"rendered":"<p>&nbsp; &nbsp; &nbsp; &nbsp; &nbsp; &nbsp; &nbsp; &nbsp; &nbsp; &nbsp; &nbsp; &nbsp; &nbsp; &nbsp; &nbsp; &nbsp; &nbsp; &nbsp; &nbsp; &nbsp; &nbsp; &nbsp; &nbsp; &nbsp; &nbsp; &nbsp; &nbsp; &nbsp; &nbsp; &nbsp; &nbsp; &nbsp;<\/p>\n","protected":false},"author":5565,"featured_media":0,"parent":0,"menu_order":0,"comment_status":"closed","ping_status":"closed","template":"","meta":{"footnotes":""},"coauthors":[],"class_list":["post-35","page","type-page","status-publish","hentry"],"_links":{"self":[{"href":"https:\/\/occa.ufms.br\/en\/wp-json\/wp\/v2\/pages\/35","targetHints":{"allow":["GET"]}}],"collection":[{"href":"https:\/\/occa.ufms.br\/en\/wp-json\/wp\/v2\/pages"}],"about":[{"href":"https:\/\/occa.ufms.br\/en\/wp-json\/wp\/v2\/types\/page"}],"author":[{"embeddable":true,"href":"https:\/\/occa.ufms.br\/en\/wp-json\/wp\/v2\/users\/5565"}],"replies":[{"embeddable":true,"href":"https:\/\/occa.ufms.br\/en\/wp-json\/wp\/v2\/comments?post=35"}],"version-history":[{"count":9,"href":"https:\/\/occa.ufms.br\/en\/wp-json\/wp\/v2\/pages\/35\/revisions"}],"predecessor-version":[{"id":571,"href":"https:\/\/occa.ufms.br\/en\/wp-json\/wp\/v2\/pages\/35\/revisions\/571"}],"wp:attachment":[{"href":"https:\/\/occa.ufms.br\/en\/wp-json\/wp\/v2\/media?parent=35"}],"wp:term":[{"taxonomy":"author","embeddable":true,"href":"https:\/\/occa.ufms.br\/en\/wp-json\/wp\/v2\/coauthors?post=35"}],"curies":[{"name":"wp","href":"https:\/\/api.w.org\/{rel}","templated":true}]}}