{"id":291,"date":"2021-04-08T16:59:38","date_gmt":"2021-04-08T20:59:38","guid":{"rendered":"https:\/\/redeecoabms.ufms.br\/?page_id=291"},"modified":"2024-05-15T10:47:30","modified_gmt":"2024-05-15T14:47:30","slug":"conheca-a-rede-eco-ab-ms","status":"publish","type":"page","link":"https:\/\/occa.ufms.br\/en\/conheca-a-rede-eco-ab-ms\/","title":{"rendered":"Conhe\u00e7a o grupo OCCA"},"content":{"rendered":"<p>Mais da metade da popula\u00e7\u00e3o brasileira apresenta excesso de peso. \u00c9 o que aponta a Vigitel, Pesquisa de Fatore de Risco e Prote\u00e7\u00e3o para Doen\u00e7as Cr\u00f4nicas por Inqu\u00e9rito Telef\u00f4nico. Em Campo Grande, a preval\u00eancia de sobrepeso e obesidade chega a\u00a0\u00a0<span class=\"fontstyle0\">59,8%.<\/span><\/p>\n<p>Diante do novo perfil epidemiol\u00f3gico, o Minist\u00e9rio da Sa\u00fade lan\u00e7ou uma proposta nacional e houve a cria\u00e7\u00e3o da Rede de Enfrentamento e Controle da Obesidade no \u00e2mbito da Aten\u00e7\u00e3o B\u00e1sica (Rede ECO-AB). A Universidade Federal de Mato Grosso do Sul, em parceria com pesquisadores da Universidade Federal da Grande Dourados (UFGD), Uniderp e Faculdade Campo Grande, organizou o projeto, que objetiva capacitar gestores e colaboradores do Sistema P\u00fablico de Sa\u00fade, atrav\u00e9s de curso semipresencial e pesquisa.<\/p>\n<p>A partir desse projeto e por meio de nova proposta do Minist\u00e9rio da Sa\u00fade, a Rede ECO-AB evoluiu para Observat\u00f3rio de Condi\u00e7\u00f5es Cr\u00f4nicas e Alimenta\u00e7\u00e3o (OCCA) com o objetivo de fomentar a pesquisa, o ensino e a extens\u00e3o sobre alimenta\u00e7\u00e3o e seus determinantes para o enfrentamento das Doen\u00e7as Cr\u00f4nicas N\u00e3o Transmiss\u00edveis (DCNT) e sobre seguran\u00e7a alimentar e nutricional.<\/p>\n<p>Quem coordena o grupo OCCA s\u00e3o as professoras doutoras Camila Medeiros da Silva Mazetti e Bruna Paola Murino Rafacho da Faculdade de Ci\u00eancias Farmac\u00eauticas, Alimentos e Nutri\u00e7\u00e3o (Facfan).<\/p>\n<p>REDE ECO-AB<\/p>\n<p><iframe title=\"Conhe\u00e7a a Rede ECO-AB MS\" width=\"500\" height=\"281\" src=\"https:\/\/www.youtube.com\/embed\/PN08An-5BT4?feature=oembed\" frameborder=\"0\" allow=\"accelerometer; autoplay; clipboard-write; encrypted-media; gyroscope; picture-in-picture; web-share\" referrerpolicy=\"strict-origin-when-cross-origin\" allowfullscreen><\/iframe><\/p>\n<p>OCCA<\/p>\n<p><iframe title=\"Apresenta\u00e7\u00e3o do Observat\u00f3rio de Condi\u00e7\u00f5es Cr\u00f4nicas e Alimenta\u00e7\u00e3o\" width=\"500\" height=\"281\" src=\"https:\/\/www.youtube.com\/embed\/yBqwgcCca5g?feature=oembed\" frameborder=\"0\" allow=\"accelerometer; autoplay; clipboard-write; encrypted-media; gyroscope; picture-in-picture; web-share\" referrerpolicy=\"strict-origin-when-cross-origin\" allowfullscreen><\/iframe><\/p>\n<p>O OCCA \u00e9 composto pelos seguintes pesquisadores:<\/p>\n<p><img fetchpriority=\"high\" decoding=\"async\" class=\"alignnone size-medium wp-image-393\" src=\"http:\/\/occa.ufms.br\/files\/2023\/07\/4-300x300.png\" alt=\"\" width=\"300\" height=\"300\" srcset=\"https:\/\/occa.ufms.br\/files\/2023\/07\/4-300x300.png 300w, https:\/\/occa.ufms.br\/files\/2023\/07\/4-1024x1024.png 1024w, https:\/\/occa.ufms.br\/files\/2023\/07\/4-150x150.png 150w, https:\/\/occa.ufms.br\/files\/2023\/07\/4-768x768.png 768w, https:\/\/occa.ufms.br\/files\/2023\/07\/4-320x320.png 320w, https:\/\/occa.ufms.br\/files\/2023\/07\/4.png 1080w\" sizes=\"(max-width: 300px) 100vw, 300px\" \/><\/p>\n<p><strong> Bruna Rafacho<\/strong> \u00e9 OCCA MS!<\/p>\n<p>?\u00c9 uma das coordenadoras do grupo de pesquisa, nutricionista, doutora em Fisiopatologia em Cl\u00ednica M\u00e9dica pela UNESP &#8211; Botucatu.<\/p>\n<p>?\u00c9 apaixonada pela Ci\u00eancia da Nutri\u00e7\u00e3o. Atua nas \u00e1reas de Sa\u00fade Coletiva e Nutri\u00e7\u00e3o Cl\u00ednica.<\/p>\n<p>?Tamb\u00e9m \u00e9 Docente do curso de Nutri\u00e7\u00e3o e dos Programas de P\u00f3s-Gradua\u00e7\u00e3o em Sa\u00fade da Familia e Ci\u00eancias Farmac\u00eauticas e tutora da Resid\u00eancia Multiprofissional de Cuidados ao Paciente Cr\u00edtico da UFMS.<\/p>\n<p>&nbsp;<\/p>\n<p><img decoding=\"async\" class=\"alignnone size-medium wp-image-391\" src=\"http:\/\/occa.ufms.br\/files\/2023\/07\/2-300x300.png\" alt=\"\" width=\"300\" height=\"300\" srcset=\"https:\/\/occa.ufms.br\/files\/2023\/07\/2-300x300.png 300w, https:\/\/occa.ufms.br\/files\/2023\/07\/2-1024x1024.png 1024w, https:\/\/occa.ufms.br\/files\/2023\/07\/2-150x150.png 150w, https:\/\/occa.ufms.br\/files\/2023\/07\/2-768x768.png 768w, https:\/\/occa.ufms.br\/files\/2023\/07\/2-320x320.png 320w, https:\/\/occa.ufms.br\/files\/2023\/07\/2.png 1080w\" sizes=\"(max-width: 300px) 100vw, 300px\" \/><\/p>\n<p><strong>Camila Mazzeti<\/strong> \u00e9 OCCA MS!<\/p>\n<p>?Uma de nossas coordenadoras e idealizadoras, \u00e9 Nutricionista pela UFMG em 2011, Mestre em Enfermagem e Sa\u00fade pela UFMG em 2015 Doutora em Nutri\u00e7\u00e3o e Sa\u00fade P\u00fablica pela USP em 2018.<\/p>\n<p>?Atua na UFMS como professora dos cursos de gradua\u00e7\u00e3o de Nutri\u00e7\u00e3o e Engenharia de Alimentos e como professora permanente do Programa de P\u00f3s Gradua\u00e7\u00e3o em Sa\u00fade da Fam\u00edlia. Comp\u00f5e a ASMAN desde 2018 e fez parte da chapa gestora da mesma de 2019 a 2022.<\/p>\n<p>?Foi presidente do CONSEA\/MS de 2020 a 2021, e Coordenadora do Observat\u00f3rio de Condi\u00e7\u00f5es Cr\u00f4nicas e Alimenta\u00e7\u00e3o (OCCA\/MS), e coordena o Centro Colaborador de Alimenta\u00e7\u00e3o e Nutri\u00e7\u00e3o Escolar de Mato Grosso do Sul (CECANE\/UFMS).<\/p>\n<p>?Al\u00e9m da doc\u00eancia, ainda atua como conselheira do CONSEA\/MS e membro da Alian\u00e7a Pela Alimenta\u00e7\u00e3o Adequada e Saud\u00e1vel.<\/p>\n<p>?Em 2021 foi premiada com a honraria \u201cDra. Eliete Salomon Tudisco &#8211; Nutricionista destaque\u201d de Mato Grosso do Sul, como destaque na atua\u00e7\u00e3o durante a Pandemia da Covid-19 na Categoria Nutri\u00e7\u00e3o no Doc\u00eancia, Pesquisa e Nutri\u00e7\u00e3o concedido pelo CRN-3. Ganhou men\u00e7\u00e3o honrosa pela do Minist\u00e9rio da Sa\u00fade no CONBRAN de 2022 em esfor\u00e7os para implementa\u00e7\u00e3o da PNAN no Brasil com o projeto &#8220;Rede de Enfrentamento e Controle da Obesidade no \u00c2mbito da APS em Mato Grosso do Sul (REDE ECO-AB)&#8221; no quesito da diretrizes &#8220;Forma\u00e7\u00e3o da For\u00e7a de Trabalho&#8221;.<\/p>\n<p>?\u00c9 mineira adoradora de queijo, por\u00e9m adotada pelo estado Pantaneiro. Tem um cora\u00e7\u00e3o SUSeiro, acreditando que o SUS \u00e9 maior institui\u00e7\u00e3o democr\u00e1tica desse pa\u00eds.<\/p>\n<p>?Libriana, piadista com a ascendente em sagit\u00e1rio, \u00e9 f\u00e3 de Lady Gaga, Beyonc\u00e9 e Michele Obama! \u00c9 um sincretismo religioso ambulante que acha que Deus est\u00e1 no nosso esfor\u00e7o em sermos boas pessoas! O Lema \u00e9 &#8220;se a vida \u00e9 uma escola, eu vim merendar!&#8221;.<\/p>\n<p>&nbsp;<\/p>\n<p><img decoding=\"async\" class=\"alignnone size-medium wp-image-392\" src=\"http:\/\/occa.ufms.br\/files\/2023\/07\/3-300x300.png\" alt=\"\" width=\"300\" height=\"300\" srcset=\"https:\/\/occa.ufms.br\/files\/2023\/07\/3-300x300.png 300w, https:\/\/occa.ufms.br\/files\/2023\/07\/3-1024x1024.png 1024w, https:\/\/occa.ufms.br\/files\/2023\/07\/3-150x150.png 150w, https:\/\/occa.ufms.br\/files\/2023\/07\/3-768x768.png 768w, https:\/\/occa.ufms.br\/files\/2023\/07\/3-320x320.png 320w, https:\/\/occa.ufms.br\/files\/2023\/07\/3.png 1080w\" sizes=\"(max-width: 300px) 100vw, 300px\" \/><\/p>\n<p><strong> Anderson Holsbach<\/strong> \u00e9 OCCA MS!<\/p>\n<p>?\u00c9 Nutricionista pela UCDB, Doutorando em Sa\u00fade e Desenvolvimento da Regi\u00e3o Centro-Oeste (UFMS) e mestre em Ci\u00eancias Ambientais e Sustentabilidade Agropecu\u00e1ria pela UCDB.<\/p>\n<p>?Atua na Secretaria de Estado de Sa\u00fade de Mato Grosso do Sul. J\u00e1 foi docente da FCG\/FACSUL e professor volunt\u00e1rio na UFMS.<\/p>\n<p>?Tem especializa\u00e7\u00e3o em Aten\u00e7\u00e3o B\u00e1sica em Sa\u00fade da Fam\u00edlia\/UFMS (2013), Alimenta\u00e7\u00e3o e Nutri\u00e7\u00e3o na Aten\u00e7\u00e3o B\u00e1sica\/FIOCRUZ (2014) e Aten\u00e7\u00e3o as Pessoas com Sobrepeso e Obesidade\/UFSC (2022).<\/p>\n<p>\u200b?Presidente da Associa\u00e7\u00e3o Sul-Mato-Grossense de Nutri\u00e7\u00e3o (ASMAN), conselheiro do CONSEA\/MS, membro da CAISAN\/MS, membro da Alian\u00e7a Pela Alimenta\u00e7\u00e3o Adequada e Saud\u00e1vel e do OCCA\/UFMS.<\/p>\n<p>?Em 2018, foi premiado com a honraria \u201cDra. Eliete Salomon Tudisco &#8211; Nutricionista destaque\u201d de Mato Grosso do Sul, na Categoria Sau\u0301de Coletiva, concedido pelo CRN-3. Tem trabalhos reconhecidos pelo Minist\u00e9rio da Sa\u00fade e INCA.<\/p>\n<p>&nbsp;<\/p>\n<p><img loading=\"lazy\" decoding=\"async\" class=\"alignnone size-medium wp-image-390\" src=\"http:\/\/occa.ufms.br\/files\/2023\/07\/1-300x300.png\" alt=\"\" width=\"300\" height=\"300\" srcset=\"https:\/\/occa.ufms.br\/files\/2023\/07\/1-300x300.png 300w, https:\/\/occa.ufms.br\/files\/2023\/07\/1-1024x1024.png 1024w, https:\/\/occa.ufms.br\/files\/2023\/07\/1-150x150.png 150w, https:\/\/occa.ufms.br\/files\/2023\/07\/1-768x768.png 768w, https:\/\/occa.ufms.br\/files\/2023\/07\/1-320x320.png 320w, https:\/\/occa.ufms.br\/files\/2023\/07\/1.png 1080w\" sizes=\"(max-width: 300px) 100vw, 300px\" \/><\/p>\n<p><strong>Gabriel Delmondes<\/strong> \u00e9 OCCA MS!<\/p>\n<p>?Nutricionista e Mestre em Biotecnologia formado pela Universidade Federal de Mato Grosso do Sul (UFMS).<\/p>\n<p>?Atualmente, realiza seu Doutorado em Sa\u00fade e Desenvolvimento na Regi\u00e3o Centro-Oeste, tamb\u00e9m pela UFMS, na \u00e1rea de estudos que abrangem a Vigil\u00e2ncia Alimentar e Nutricional no Brasil. Na mesma universidade, atua como apoio t\u00e9cnico e professor volunt\u00e1rio.<\/p>\n<p>?\u00c9 membro da Alian\u00e7a pela Alimenta\u00e7\u00e3o Adequada e Saud\u00e1vel, n\u00facleo Mato Grosso do Sul (MS), onde contribui com a brava luta pelos direitos da promo\u00e7\u00e3o de um alimenta\u00e7\u00e3o adequada e saud\u00e1vel para a popula\u00e7\u00e3o sul-mato-grossense.<\/p>\n<p>?Tem como um de seus trabalhos mais relevantes o desenvolvimento do web app Nutria\u00e7\u00e3o de Bolso, voltado para implementa\u00e7\u00e3o de a\u00e7\u00f5es de Alimenta\u00e7\u00e3o e Nutri\u00e7\u00e3o pelos profissionais da APS, inspirado no documento Matriz para Organiza\u00e7\u00e3o dos Cuidados em Alimenta\u00e7\u00e3o e Nutri\u00e7\u00e3o na APS do Minist\u00e9rio da Sa\u00fade.<\/p>\n<p>?Apaixonado por cultura pop, livros, viagens e (mais importante): comida. Seu amor pela alimenta\u00e7\u00e3o como comportamento e fator social, al\u00e9m do alimento como instrumento de estudo, \u00e9 o que o impulsiona em seus estudos e trabalhos na \u00e1rea.<\/p>\n<p>&nbsp;<\/p>\n<p><img loading=\"lazy\" decoding=\"async\" class=\"alignnone size-medium wp-image-396\" src=\"http:\/\/occa.ufms.br\/files\/2023\/07\/7-300x300.png\" alt=\"\" width=\"300\" height=\"300\" srcset=\"https:\/\/occa.ufms.br\/files\/2023\/07\/7-300x300.png 300w, https:\/\/occa.ufms.br\/files\/2023\/07\/7-1024x1024.png 1024w, https:\/\/occa.ufms.br\/files\/2023\/07\/7-150x150.png 150w, https:\/\/occa.ufms.br\/files\/2023\/07\/7-768x768.png 768w, https:\/\/occa.ufms.br\/files\/2023\/07\/7-320x320.png 320w, https:\/\/occa.ufms.br\/files\/2023\/07\/7.png 1080w\" sizes=\"(max-width: 300px) 100vw, 300px\" \/><\/p>\n<p><strong>Carolina La\u00eds<\/strong> \u00e9 OCCA MS!<\/p>\n<p>?Nutricionista graduada pela Faculdade Campo Grande de Mato Grosso do Sul (FCG\/ FACSUL).<\/p>\n<p>?P\u00f3s graduada em Gerontologia pelo Servi\u00e7o Nacional de Aprendizagem Comercial (SENAC).<\/p>\n<p>?\u00c9 Respons\u00e1vel T\u00e9cnica da Idade Feliz Resid\u00eancia Geri\u00e1trica (desde 2019) e da Pousada Spa S\u00eanior Residencial Geri\u00e1trico ( desde 2022). Atua tamb\u00e9m como pesquisadora e apoio t\u00e9cnico volunt\u00e1rio do OCCA.<\/p>\n<p>&nbsp;<\/p>\n<p><img loading=\"lazy\" decoding=\"async\" class=\"alignnone size-medium wp-image-395\" src=\"http:\/\/occa.ufms.br\/files\/2023\/07\/6-300x300.png\" alt=\"\" width=\"300\" height=\"300\" srcset=\"https:\/\/occa.ufms.br\/files\/2023\/07\/6-300x300.png 300w, https:\/\/occa.ufms.br\/files\/2023\/07\/6-1024x1024.png 1024w, https:\/\/occa.ufms.br\/files\/2023\/07\/6-150x150.png 150w, https:\/\/occa.ufms.br\/files\/2023\/07\/6-768x768.png 768w, https:\/\/occa.ufms.br\/files\/2023\/07\/6-320x320.png 320w, https:\/\/occa.ufms.br\/files\/2023\/07\/6.png 1080w\" sizes=\"(max-width: 300px) 100vw, 300px\" \/><\/p>\n<p><strong>Teresa Cristina<\/strong> \u00e9 OCCA MS!<\/p>\n<p>?Nutricionista pela UFV, com especializa\u00e7\u00e3o pelo Programa de Resid\u00eancia Multiprofissional em Sa\u00fade \u2013 Aten\u00e7\u00e3o ao Paciente Cr\u00edtico, Mestre e Doutora em Sa\u00fade e Desenvolvimento pela UFMS.<\/p>\n<p>?Apaixonada pelas \u00e1reas de sa\u00fade coletiva e nutri\u00e7\u00e3o cl\u00ednica!<\/p>\n<p>?Atua como Nutricionista do curso de Nutri\u00e7\u00e3o da UFMS na Cl\u00ednica Escola Integrada.<\/p>\n<p>&nbsp;<\/p>\n<p><img loading=\"lazy\" decoding=\"async\" class=\"alignnone size-medium wp-image-394\" src=\"http:\/\/occa.ufms.br\/files\/2023\/07\/5-300x300.png\" alt=\"\" width=\"300\" height=\"300\" srcset=\"https:\/\/occa.ufms.br\/files\/2023\/07\/5-300x300.png 300w, https:\/\/occa.ufms.br\/files\/2023\/07\/5-1024x1024.png 1024w, https:\/\/occa.ufms.br\/files\/2023\/07\/5-150x150.png 150w, https:\/\/occa.ufms.br\/files\/2023\/07\/5-768x768.png 768w, https:\/\/occa.ufms.br\/files\/2023\/07\/5-320x320.png 320w, https:\/\/occa.ufms.br\/files\/2023\/07\/5.png 1080w\" sizes=\"(max-width: 300px) 100vw, 300px\" \/><\/p>\n<p><strong>Taiz Siqueira<\/strong> \u00e9 OCCA MS!<\/p>\n<p>?Nutricionista e Mestre em Ci\u00eancias da Nutri\u00e7\u00e3o.<\/p>\n<p>?Possui experi\u00eancia nas \u00e1reas de Ensino, Pesquisa e Extens\u00e3o em institui\u00e7\u00f5es de ensino superior p\u00fablicas e privadas atuando como Docente, Pesquisadora, Extensionista e T\u00e9cnica de Laborat\u00f3rio.<\/p>\n<p>?Atualmente se dedica \u00e0 Sa\u00fade Coletiva com foco em Nutri\u00e7\u00e3o Inclusiva.<\/p>\n<p>&nbsp;<\/p>\n<p><img loading=\"lazy\" decoding=\"async\" class=\"alignnone size-medium wp-image-398\" src=\"http:\/\/occa.ufms.br\/files\/2023\/07\/9-300x300.png\" alt=\"\" width=\"300\" height=\"300\" srcset=\"https:\/\/occa.ufms.br\/files\/2023\/07\/9-300x300.png 300w, https:\/\/occa.ufms.br\/files\/2023\/07\/9-1024x1024.png 1024w, https:\/\/occa.ufms.br\/files\/2023\/07\/9-150x150.png 150w, https:\/\/occa.ufms.br\/files\/2023\/07\/9-768x768.png 768w, https:\/\/occa.ufms.br\/files\/2023\/07\/9-320x320.png 320w, https:\/\/occa.ufms.br\/files\/2023\/07\/9.png 1080w\" sizes=\"(max-width: 300px) 100vw, 300px\" \/><\/p>\n<p><strong>Karina Milhomem<\/strong> \u00e9 OCCA MS!<\/p>\n<p>?Acad\u00eamica de Medicina pela Universidade Federal do Mato Grosso do Sul.<\/p>\n<p>?Entusiasta da \u00e1rea de Sa\u00fade da Fam\u00edlia e Comunidade.<\/p>\n<p>?Atualmente, faz parte como ligante da LASF (Liga Acad\u00eamica da Sa\u00fade da Fam\u00edlia da UFMS) e da LAPSI (Liga Acad\u00eamica de Psiquiatria da UFMS), al\u00e9m de coordenar a XXIX Jornada Acad\u00eamica de Medicina.<\/p>\n","protected":false},"excerpt":{"rendered":"<p>Mais da metade da popula\u00e7\u00e3o brasileira apresenta excesso de peso. \u00c9 o que aponta a Vigitel, Pesquisa de Fatore de Risco e Prote\u00e7\u00e3o para Doen\u00e7as Cr\u00f4nicas por Inqu\u00e9rito Telef\u00f4nico. Em Campo Grande, a preval\u00eancia de sobrepeso e obesidade chega a\u00a0\u00a059,8%. Diante do novo perfil epidemiol\u00f3gico, o Minist\u00e9rio da Sa\u00fade lan\u00e7ou uma proposta nacional e houve [&hellip;]<\/p>\n","protected":false},"author":5565,"featured_media":0,"parent":0,"menu_order":0,"comment_status":"closed","ping_status":"closed","template":"","meta":{"footnotes":""},"coauthors":[],"class_list":["post-291","page","type-page","status-publish","hentry"],"_links":{"self":[{"href":"https:\/\/occa.ufms.br\/en\/wp-json\/wp\/v2\/pages\/291","targetHints":{"allow":["GET"]}}],"collection":[{"href":"https:\/\/occa.ufms.br\/en\/wp-json\/wp\/v2\/pages"}],"about":[{"href":"https:\/\/occa.ufms.br\/en\/wp-json\/wp\/v2\/types\/page"}],"author":[{"embeddable":true,"href":"https:\/\/occa.ufms.br\/en\/wp-json\/wp\/v2\/users\/5565"}],"replies":[{"embeddable":true,"href":"https:\/\/occa.ufms.br\/en\/wp-json\/wp\/v2\/comments?post=291"}],"version-history":[{"count":10,"href":"https:\/\/occa.ufms.br\/en\/wp-json\/wp\/v2\/pages\/291\/revisions"}],"predecessor-version":[{"id":540,"href":"https:\/\/occa.ufms.br\/en\/wp-json\/wp\/v2\/pages\/291\/revisions\/540"}],"wp:attachment":[{"href":"https:\/\/occa.ufms.br\/en\/wp-json\/wp\/v2\/media?parent=291"}],"wp:term":[{"taxonomy":"author","embeddable":true,"href":"https:\/\/occa.ufms.br\/en\/wp-json\/wp\/v2\/coauthors?post=291"}],"curies":[{"name":"wp","href":"https:\/\/api.w.org\/{rel}","templated":true}]}}